{"id":1314,"date":"2020-12-17T11:36:44","date_gmt":"2020-12-17T11:36:44","guid":{"rendered":"https:\/\/treees.de\/cbd-fuer-tiere\/"},"modified":"2020-12-21T12:48:12","modified_gmt":"2020-12-21T12:48:12","slug":"cbd-fuer-tiere","status":"publish","type":"page","link":"https:\/\/treees.de\/en\/cbd-fuer-tiere\/","title":{"rendered":"CBD f\u00fcr Tiere"},"content":{"rendered":"<div class=\"fusion-fullwidth fullwidth-box fusion-builder-row-1 nonhundred-percent-fullwidth non-hundred-percent-height-scrolling\" style=\"--awb-background-position:left top;--awb-border-sizes-top:0px;--awb-border-sizes-bottom:0px;--awb-border-sizes-left:0px;--awb-border-sizes-right:0px;--awb-border-radius-top-left:0px;--awb-border-radius-top-right:0px;--awb-border-radius-bottom-right:0px;--awb-border-radius-bottom-left:0px;--awb-padding-top:2%;--awb-padding-bottom:40px;--awb-flex-wrap:wrap;\" ><div class=\"fusion-builder-row fusion-row\"><div class=\"fusion-layout-column fusion_builder_column fusion-builder-column-0 fusion_builder_column_1_6 1_6 fusion-one-sixth fusion-column-first\" style=\"--awb-bg-size:cover;width:16.666666666667%;width:calc(16.666666666667% - ( ( 4% ) * 0.16666666666667 ) );margin-right: 4%;\"><div class=\"fusion-column-wrapper fusion-column-has-shadow fusion-flex-column-wrapper-legacy\"><div class=\"fusion-clearfix\"><\/div><\/div><\/div><div class=\"fusion-layout-column fusion_builder_column fusion-builder-column-1 fusion_builder_column_3_4 3_4 fusion-three-fourth fusion-column-last\" style=\"--awb-padding-top:20px;--awb-padding-right:20px;--awb-padding-bottom:20px;--awb-padding-left:20px;--awb-bg-size:cover;--awb-margin-top:14px;width:75%;width:calc(75% - ( ( 4% ) * 0.75 ) );\"><div class=\"fusion-column-wrapper fusion-flex-column-wrapper-legacy\"><div class=\"fusion-title title fusion-title-1 fusion-sep-none fusion-title-text fusion-title-size-two\" style=\"--awb-margin-top-small:0px;--awb-margin-right-small:0px;--awb-margin-bottom-small:20px;--awb-margin-left-small:0px;--awb-font-size:48px;\"><h2 class=\"fusion-title-heading title-heading-left fusion-responsive-typography-calculated\" style=\"margin:0;font-size:1em;--fontSize:48;line-height:1.2;\">CBD f\u00fcr Tiere<\/h2><\/div><div class=\"fusion-text fusion-text-1\" style=\"--awb-content-alignment:left;\"><p>Der treue Hund, die verschmuste Katze, das kraftvolle Pferd und viele weitere Tiere bereichern das Leben von uns Menschen. Das Wohlbefinden dieser Tiere liegt den meisten dabei sehr am Herzen. Aber auch Tiere k\u00f6nnen krank werden. Sie k\u00f6nnen sowohl k\u00f6rperlich, wie auch psychisch leiden. Ein Mittel, diese Leiden zu lindern oder gar zu beenden kann in vielerlei F\u00e4llen CBD sein.<br \/>\nCBD steht f\u00fcr Cannabidiol. Es ist ein Produkt aus der Hanfpflanze. Der Hanf beinhaltet nach aktuellem Wissensstand aus etwas mehr als 100 verschiedenen Cannabinoiden. CBD, aber auch THC, sind Bestandteile davon. Im Gegensatz zum THC wirkt das CBD allerdings nicht psychoaktiv, es macht nicht abh\u00e4ngig und verursacht auch keine Rauschzust\u00e4nde. Damit kann CBD bei Tieren in der Regel gefahrlos angewendet werden.<br \/>\nWichtig zu erw\u00e4hnen ist, dass CBD ein reines Naturprodukt darstellt. Viele Tierbesitzer achten verantwortungsbewusst exakt darauf, dass alles, was Ihr Liebling zu fressen bekommt, ohne verf\u00e4lschende chemische Substanzen produziert wurde. Sowohl, was das Futter an sich angeht, ist dies ein wichtiger Faktor, als auch bei Futtererg\u00e4nzungsmitteln. Grundlegend kann man \u00fcber CBD f\u00fcr Tiere sagen, dass es aufgrund seiner vielf\u00e4ltigen positiven Eigenschaften zum einen die k\u00f6rperliche Verfassung st\u00e4rken kann. Zum anderen kann CBD bei Tieren zum Beispiel Stresssituationen abfedern. Hinzu kommt, dass CBD bei Pferden, Hunden, Katzen, K\u00fchen oder anderen Tieren auf nat\u00fcrliche Weise entz\u00fcndungshemmend wirkt. Und bislang sind kaum nennenswerte Nebenwirkungen bekannt.<\/p>\n<h2>Wie wirkt CBD bei Tieren?<\/h2>\n<p>Das Wissen, dass der Mensch \u00fcber ein sogenanntes Endocannabinoidsystem (ECS) verf\u00fcgt, ist mittlerweile allgemein bekannt. Die Rezeptoren, die zu diesem Systems geh\u00f6ren, sind \u00fcber den gesamten K\u00f6rper verteilt. CBD verbindet sich mit diesen Rezeptoren (CB1 und CB2) und beeinflusst die K\u00f6rperfunktionen in der Regel positiv. Eine wichtige Erkenntnis \u00fcber S\u00e4ugetiere wie Hunde oder Katzen ist, dass auch diese \u00fcber ein ECS verf\u00fcgen. Damit ist festgehalten, dass CBD Produkte wie das CBD \u00d6l, CBD Kapseln oder CBD Salben auf Tiere ebenso wirken.<\/p>\n<p>Befragungen bei Tieren sind wenig erfolgversprechend. Daher haben sich die Forscher darauf verst\u00e4ndigt, \u00fcber Verhaltens-Beobachtungen herauszufinden, wie CBD auf Tiere genau wirkt. Dabei stellte sich heraus, dass sich bei Tieren, die CBD erhalten, das Wahrnehmen von Schmerzen und deren Bewusstsein ver\u00e4ndert. Damit scheint CBD die gleiche Wirkung auf Tiere zu haben, wie dies beim Menschen nachgewiesen[1] wurde. CBD bei Tieren wirkt also ebenso schmerzstillend wie bei Menschen.<\/p>\n<h2>CBD f\u00fcr Tiere mit chronischen Entz\u00fcndungen<\/h2>\n<p>Neben der schmerzstillenden Wirkung k\u00f6nnen mit CBD bei Tieren auch andere Leiden behandelt werden. Dazu geh\u00f6ren unter anderem jene, die auf einer chronischen Entz\u00fcndung basieren. Diese entstehen bei Tieren oftmals dadurch, dass sie durch genetische Dispositionen beg\u00fcnstigt aufgrund eines geschw\u00e4chten Immunsystems auftreten. Viele Tiere leiden daher unter Magenentz\u00fcndungen. Auff\u00e4llige Symptome sind das Verweigern von Fressen und Schmerzverhalten bei der Ausscheidung. CBD f\u00fcr Tiere kann bei Entz\u00fcndungen helfen. Forscher fanden im Rahmen einer Studie[2] heraus, dass viele Darmentz\u00fcndungen durch Lipopolysaccharide ausgel\u00f6st werden. Die Zugabe von CBD an den kranken Organismus hatte nachgewiesenerma\u00dfen einen positiven Einfluss auf die Entz\u00fcndungsbek\u00e4mpfung im Dickdarm.<br \/>\nAlle Quellen und weitere Studien finden Sie hier<\/p>\n<p>[1] https:\/\/rupress.org\/jem\/article\/209\/6\/1121\/41297 \u2013 03.01.2020[2] https:\/\/journals.plos.org\/plosone\/article?id=10.1371\/journal.pone.0028159 \u2013 03.01.2020[3] https:\/\/www.ncbi.nlm.nih.gov\/pubmed\/8257923 \u2013 03.01.2020[4] https:\/\/www.ncbi.nlm.nih.gov\/pubmed\/22543671\/ \u2013 03.01.2020[5] https:\/\/www.biologicalpsychiatryjournal.com\/article\/S0006-3223(11)00507-5\/ \u2013 03.01.2020[6] https:\/\/www.ncbi.nlm.nih.gov\/pubmed\/16698671 \u2013 03.01.2020[7] https:\/\/www.arthritis.org\/arthritis-foundation-cbd-guidance-for-adults.php \u2013 03.01.2020[8] https:\/\/www.ncbi.nlm.nih.gov\/pubmed\/7413719 \u2013 03.01.2020[9] https:\/\/www.ncbi.nlm.nih.gov\/pmc\/articles\/PMC3057300\/ \u2013 03.01.2020[10] https:\/\/www.ncbi.nlm.nih.gov\/pubmed\/20505775 \u2013 03.01.2020[11] https:\/\/www.researchgate.net\/publication\/328012075 \u2013 03.01.2020[12] http:\/\/www.vetstreet.com\/care\/arthritis-in-cats \u2013 03.01.2020<\/p>\n<\/div><div class=\"fusion-clearfix\"><\/div><\/div><\/div><\/div><\/div>\n","protected":false},"excerpt":{"rendered":"","protected":false},"author":2,"featured_media":0,"parent":0,"menu_order":0,"comment_status":"closed","ping_status":"closed","template":"","meta":{"footnotes":""},"class_list":["post-1314","page","type-page","status-publish","hentry"],"yoast_head":"<!-- This site is optimized with the Yoast SEO plugin v27.3 - https:\/\/yoast.com\/product\/yoast-seo-wordpress\/ -->\n<title>CBD f\u00fcr Tiere - treees CBD<\/title>\n<meta name=\"robots\" content=\"index, follow, max-snippet:-1, max-image-preview:large, max-video-preview:-1\" \/>\n<link rel=\"canonical\" href=\"https:\/\/treees.de\/en\/cbd-fuer-tiere\/\" \/>\n<meta property=\"og:locale\" content=\"en_US\" \/>\n<meta property=\"og:type\" content=\"article\" \/>\n<meta property=\"og:title\" content=\"CBD f\u00fcr Tiere - treees CBD\" \/>\n<meta property=\"og:url\" content=\"https:\/\/treees.de\/en\/cbd-fuer-tiere\/\" \/>\n<meta property=\"og:site_name\" content=\"treees CBD\" \/>\n<meta property=\"article:modified_time\" content=\"2020-12-21T12:48:12+00:00\" \/>\n<meta name=\"twitter:card\" content=\"summary_large_image\" \/>\n<meta name=\"twitter:label1\" content=\"Est. reading time\" \/>\n\t<meta name=\"twitter:data1\" content=\"6 minutes\" \/>\n<script type=\"application\/ld+json\" class=\"yoast-schema-graph\">{\"@context\":\"https:\\\/\\\/schema.org\",\"@graph\":[{\"@type\":\"WebPage\",\"@id\":\"https:\\\/\\\/treees.de\\\/en\\\/cbd-fuer-tiere\\\/\",\"url\":\"https:\\\/\\\/treees.de\\\/en\\\/cbd-fuer-tiere\\\/\",\"name\":\"CBD f\u00fcr Tiere - treees CBD\",\"isPartOf\":{\"@id\":\"https:\\\/\\\/treees.de\\\/#website\"},\"datePublished\":\"2020-12-17T11:36:44+00:00\",\"dateModified\":\"2020-12-21T12:48:12+00:00\",\"breadcrumb\":{\"@id\":\"https:\\\/\\\/treees.de\\\/en\\\/cbd-fuer-tiere\\\/#breadcrumb\"},\"inLanguage\":\"en-US\",\"potentialAction\":[{\"@type\":\"ReadAction\",\"target\":[\"https:\\\/\\\/treees.de\\\/en\\\/cbd-fuer-tiere\\\/\"]}]},{\"@type\":\"BreadcrumbList\",\"@id\":\"https:\\\/\\\/treees.de\\\/en\\\/cbd-fuer-tiere\\\/#breadcrumb\",\"itemListElement\":[{\"@type\":\"ListItem\",\"position\":1,\"name\":\"Startseite\",\"item\":\"https:\\\/\\\/treees.de\\\/en\\\/\"},{\"@type\":\"ListItem\",\"position\":2,\"name\":\"CBD f\u00fcr Tiere\"}]},{\"@type\":\"WebSite\",\"@id\":\"https:\\\/\\\/treees.de\\\/#website\",\"url\":\"https:\\\/\\\/treees.de\\\/\",\"name\":\"treees CBD\",\"description\":\"Das beste CBD auf dem Markt\",\"potentialAction\":[{\"@type\":\"SearchAction\",\"target\":{\"@type\":\"EntryPoint\",\"urlTemplate\":\"https:\\\/\\\/treees.de\\\/?s={search_term_string}\"},\"query-input\":{\"@type\":\"PropertyValueSpecification\",\"valueRequired\":true,\"valueName\":\"search_term_string\"}}],\"inLanguage\":\"en-US\"}]}<\/script>\n<!-- \/ Yoast SEO plugin. -->","yoast_head_json":{"title":"CBD f\u00fcr Tiere - treees CBD","robots":{"index":"index","follow":"follow","max-snippet":"max-snippet:-1","max-image-preview":"max-image-preview:large","max-video-preview":"max-video-preview:-1"},"canonical":"https:\/\/treees.de\/en\/cbd-fuer-tiere\/","og_locale":"en_US","og_type":"article","og_title":"CBD f\u00fcr Tiere - treees CBD","og_url":"https:\/\/treees.de\/en\/cbd-fuer-tiere\/","og_site_name":"treees CBD","article_modified_time":"2020-12-21T12:48:12+00:00","twitter_card":"summary_large_image","twitter_misc":{"Est. reading time":"6 minutes"},"schema":{"@context":"https:\/\/schema.org","@graph":[{"@type":"WebPage","@id":"https:\/\/treees.de\/en\/cbd-fuer-tiere\/","url":"https:\/\/treees.de\/en\/cbd-fuer-tiere\/","name":"CBD f\u00fcr Tiere - treees CBD","isPartOf":{"@id":"https:\/\/treees.de\/#website"},"datePublished":"2020-12-17T11:36:44+00:00","dateModified":"2020-12-21T12:48:12+00:00","breadcrumb":{"@id":"https:\/\/treees.de\/en\/cbd-fuer-tiere\/#breadcrumb"},"inLanguage":"en-US","potentialAction":[{"@type":"ReadAction","target":["https:\/\/treees.de\/en\/cbd-fuer-tiere\/"]}]},{"@type":"BreadcrumbList","@id":"https:\/\/treees.de\/en\/cbd-fuer-tiere\/#breadcrumb","itemListElement":[{"@type":"ListItem","position":1,"name":"Startseite","item":"https:\/\/treees.de\/en\/"},{"@type":"ListItem","position":2,"name":"CBD f\u00fcr Tiere"}]},{"@type":"WebSite","@id":"https:\/\/treees.de\/#website","url":"https:\/\/treees.de\/","name":"treees CBD","description":"Das beste CBD auf dem Markt","potentialAction":[{"@type":"SearchAction","target":{"@type":"EntryPoint","urlTemplate":"https:\/\/treees.de\/?s={search_term_string}"},"query-input":{"@type":"PropertyValueSpecification","valueRequired":true,"valueName":"search_term_string"}}],"inLanguage":"en-US"}]}},"_links":{"self":[{"href":"https:\/\/treees.de\/en\/wp-json\/wp\/v2\/pages\/1314","targetHints":{"allow":["GET"]}}],"collection":[{"href":"https:\/\/treees.de\/en\/wp-json\/wp\/v2\/pages"}],"about":[{"href":"https:\/\/treees.de\/en\/wp-json\/wp\/v2\/types\/page"}],"author":[{"embeddable":true,"href":"https:\/\/treees.de\/en\/wp-json\/wp\/v2\/users\/2"}],"replies":[{"embeddable":true,"href":"https:\/\/treees.de\/en\/wp-json\/wp\/v2\/comments?post=1314"}],"version-history":[{"count":1,"href":"https:\/\/treees.de\/en\/wp-json\/wp\/v2\/pages\/1314\/revisions"}],"predecessor-version":[{"id":1315,"href":"https:\/\/treees.de\/en\/wp-json\/wp\/v2\/pages\/1314\/revisions\/1315"}],"wp:attachment":[{"href":"https:\/\/treees.de\/en\/wp-json\/wp\/v2\/media?parent=1314"}],"curies":[{"name":"wp","href":"https:\/\/api.w.org\/{rel}","templated":true}]}}