{"id":1048,"date":"2020-07-23T08:29:43","date_gmt":"2020-07-23T08:29:43","guid":{"rendered":"https:\/\/treees.de\/?page_id=1048"},"modified":"2020-08-11T09:13:26","modified_gmt":"2020-08-11T09:13:26","slug":"was-ist-der-entourage-effekt","status":"publish","type":"page","link":"https:\/\/treees.de\/en\/was-ist-der-entourage-effekt\/","title":{"rendered":"Was ist der Entourage-Effekt"},"content":{"rendered":"<div class=\"fusion-fullwidth fullwidth-box fusion-builder-row-1 nonhundred-percent-fullwidth non-hundred-percent-height-scrolling\" style=\"--awb-background-position:left top;--awb-border-sizes-top:0px;--awb-border-sizes-bottom:0px;--awb-border-sizes-left:0px;--awb-border-sizes-right:0px;--awb-border-radius-top-left:0px;--awb-border-radius-top-right:0px;--awb-border-radius-bottom-right:0px;--awb-border-radius-bottom-left:0px;--awb-padding-top:2%;--awb-padding-bottom:40px;--awb-flex-wrap:wrap;\" ><div class=\"fusion-builder-row fusion-row\"><div class=\"fusion-layout-column fusion_builder_column fusion-builder-column-0 fusion_builder_column_1_6 1_6 fusion-one-sixth fusion-column-first\" style=\"--awb-bg-size:cover;width:16.666666666667%;width:calc(16.666666666667% - ( ( 4% ) * 0.16666666666667 ) );margin-right: 4%;\"><div class=\"fusion-column-wrapper fusion-column-has-shadow fusion-flex-column-wrapper-legacy\"><div class=\"fusion-clearfix\"><\/div><\/div><\/div><div class=\"fusion-layout-column fusion_builder_column fusion-builder-column-1 fusion_builder_column_3_4 3_4 fusion-three-fourth fusion-column-last\" style=\"--awb-padding-top:20px;--awb-padding-right:20px;--awb-padding-bottom:20px;--awb-padding-left:20px;--awb-bg-size:cover;--awb-margin-top:14px;width:75%;width:calc(75% - ( ( 4% ) * 0.75 ) );\"><div class=\"fusion-column-wrapper fusion-flex-column-wrapper-legacy\"><div class=\"fusion-title title fusion-title-1 fusion-sep-none fusion-title-text fusion-title-size-three\" style=\"--awb-text-color:#89919f;--awb-margin-top:0px;--awb-margin-bottom:40px;--awb-margin-top-small:0px;--awb-margin-right-small:0px;--awb-margin-bottom-small:40px;--awb-margin-left-small:0px;--awb-font-size:28px;\"><h3 class=\"fusion-title-heading title-heading-left fusion-responsive-typography-calculated\" style=\"margin:0;font-size:1em;--fontSize:28;--minFontSize:28;line-height:1.25;\"><strong>Unterschied CBD &amp; THC<\/strong><\/h3><\/div><div class=\"fusion-title title fusion-title-2 fusion-sep-none fusion-title-text fusion-title-size-two\" style=\"--awb-margin-top-small:0px;--awb-margin-right-small:0px;--awb-margin-bottom-small:20px;--awb-margin-left-small:0px;--awb-font-size:48px;\"><h2 class=\"fusion-title-heading title-heading-left fusion-responsive-typography-calculated\" style=\"margin:0;font-size:1em;--fontSize:48;line-height:1.2;\">Was ist der Entourage-Effekt?<\/h2><\/div><div class=\"fusion-text fusion-text-1\" style=\"--awb-content-alignment:left;\"><p>Obwohl sich die Naturheilpflanze Hanf aufgrund seiner vielseitigen und positiven Einsatzm\u00f6glichkeiten zurzeit immer gr\u00f6\u00dferer Beliebtheit bei Personen mit unterschiedlichen gesundheitlichen Problemen erfreut, wissen viele noch nicht, was das Einzigartige dieser Pflanze ausmacht und wie die CBD-Wirkung am besten entfaltet werden kann.<\/p>\n<\/div><div class=\"fusion-sep-clear\"><\/div><div class=\"fusion-separator fusion-full-width-sep\" style=\"margin-left: auto;margin-right: auto;margin-top:30px;width:100%;\"><\/div><div class=\"fusion-sep-clear\"><\/div><div class=\"fusion-title title fusion-title-3 fusion-sep-none fusion-title-text fusion-title-size-two\" style=\"--awb-margin-top-small:0px;--awb-margin-right-small:0px;--awb-margin-bottom-small:20px;--awb-margin-left-small:0px;--awb-font-size:48px;\"><h2 class=\"fusion-title-heading title-heading-left fusion-responsive-typography-calculated\" style=\"margin:0;font-size:1em;--fontSize:48;line-height:1.2;\">Terpen Entourage Effekt<\/h2><\/div><div class=\"fusion-text fusion-text-2\" style=\"--awb-content-alignment:left;\"><p>Durch die Einnahme von Cannabidiol werden unterschiedlichste Regionen des K\u00f6rpers angesprochen und harmonisiert, sowie Enzymsysteme positiv beeinflusst. Dadurch k\u00f6nnen auch entz\u00fcndungshemmende bzw. schmerzstillende Effekte erkl\u00e4rt werden. Besonders wichtig: CBD verringert die Nebenwirkungsrate bei der Einnahme verschiedener konventioneller Medikamente und f\u00f6rdert au\u00dferdem die Bakterienabwehr. Einzigartig werden CBD-Produkte durch den Entourage-Effekt, welcher im Cannabidiol Bereich auch als\u00a0<strong>Terpen Entourage Effekt<\/strong>\u00a0bekannt ist.<\/p>\n<\/div><div class=\"fusion-sep-clear\"><\/div><div class=\"fusion-separator fusion-full-width-sep\" style=\"margin-left: auto;margin-right: auto;margin-top:30px;width:100%;\"><\/div><div class=\"fusion-sep-clear\"><\/div><div class=\"fusion-title title fusion-title-4 fusion-sep-none fusion-title-text fusion-title-size-two\" style=\"--awb-margin-top-small:0px;--awb-margin-right-small:0px;--awb-margin-bottom-small:20px;--awb-margin-left-small:0px;--awb-font-size:48px;\"><h2 class=\"fusion-title-heading title-heading-left fusion-responsive-typography-calculated\" style=\"margin:0;font-size:1em;--fontSize:48;line-height:1.2;\">Cannabinoide und Terpene im therapeutischen Zusammenspiel<\/h2><\/div><div class=\"fusion-text fusion-text-3\" style=\"--awb-content-alignment:left;\"><p>Die Bezeichnung\u00a0<b>\u201eEntourage-Effekt\u201c<\/b>\u00a0stammt aus der Cannabis\u2013Forschung und besagt, dass ein Pflanzenstoffgemisch eine h\u00f6here biologische Aktivit\u00e4t besitzt, als die isolierte Reinsubstanz selbst. Die Hanfpflanze besitzt eine Vielzahl von Phytocannabinoiden und Terpenen was beim sogenannten Entourage- oder Synergie-Effekt eine entscheidende Rolle spielt. Durch die Kombination verschiedener Cannabinoide mit Terpenen wird eine optimierte Wirkung erzielt, wodurch die Zufuhr von Cannabidiol in bereits moderaten Dosierungen herausragende gesundheitliche Ergebnisse erzielt. Diese Wirkungsverst\u00e4rkung kann schon durch den Erhalt gewisser Pflanzenstoffe, insbesondere der Terpene und weiterer Phytocannabinoide, erreicht werden.<\/p>\n<p>Die Herausforderung bei der CBD-Produktion ist es spezielle Extrakte herzustellen:<\/p>\n<ul>\n<li>die ausreichend Terpene zwecks Entourage-Effekt enthalten<\/li>\n<li>wo das Cannabidiol vollst\u00e4ndig decarboxyliert in seiner aktiven Wirkform (CBD) vorliegt<\/li>\n<\/ul>\n<\/div><div class=\"fusion-text fusion-text-4\" style=\"--awb-content-alignment:left;\"><div class=\"video-shortcode\">\n<blockquote class=\"wp-embedded-content\" data-secret=\"2u3y5exK1Z\">\n<p><a href=\"https:\/\/treees.de\/haftungsausschluss\/\">Haftungsausschluss<\/a><\/p>\n<\/blockquote>\n<p><iframe class=\"wp-embedded-content\" sandbox=\"allow-scripts\" security=\"restricted\" style=\"position: absolute; clip: rect(1px, 1px, 1px, 1px);\" title=\"&#8222;Haftungsausschluss&#8220; &#8212; treees CBD\" src=\"https:\/\/treees.de\/haftungsausschluss\/embed\/#?secret=2u3y5exK1Z\" data-secret=\"2u3y5exK1Z\" width=\"600\" height=\"338\" frameborder=\"0\" marginwidth=\"0\" marginheight=\"0\" scrolling=\"no\"><\/iframe><\/div>\n<\/div><div class=\"fusion-clearfix\"><\/div><\/div><\/div><\/div><\/div>\n","protected":false},"excerpt":{"rendered":"","protected":false},"author":2,"featured_media":0,"parent":0,"menu_order":0,"comment_status":"closed","ping_status":"closed","template":"","meta":{"footnotes":""},"class_list":["post-1048","page","type-page","status-publish","hentry"],"yoast_head":"<!-- This site is optimized with the Yoast SEO plugin v27.4 - https:\/\/yoast.com\/product\/yoast-seo-wordpress\/ -->\n<title>Was ist der Entourage-Effekt?<\/title>\n<meta name=\"description\" content=\"Was ist der Entourage-Effekt? Wir erkl\u00e4ren es dir! Klicke einfach rein!\" \/>\n<meta name=\"robots\" content=\"index, follow, max-snippet:-1, max-image-preview:large, max-video-preview:-1\" \/>\n<link rel=\"canonical\" href=\"https:\/\/treees.de\/en\/was-ist-der-entourage-effekt\/\" \/>\n<meta property=\"og:locale\" content=\"en_US\" \/>\n<meta property=\"og:type\" content=\"article\" \/>\n<meta property=\"og:title\" content=\"Was ist der Entourage-Effekt?\" \/>\n<meta property=\"og:description\" content=\"Was ist der Entourage-Effekt? Wir erkl\u00e4ren es dir! Klicke einfach rein!\" \/>\n<meta property=\"og:url\" content=\"https:\/\/treees.de\/was-ist-der-entourage-effekt\/\" \/>\n<meta property=\"og:site_name\" content=\"treees CBD\" \/>\n<meta property=\"article:modified_time\" content=\"2020-08-11T09:13:26+00:00\" \/>\n<meta name=\"twitter:card\" content=\"summary_large_image\" \/>\n<meta name=\"twitter:label1\" content=\"Est. reading time\" \/>\n\t<meta name=\"twitter:data1\" content=\"7 minutes\" \/>\n<script type=\"application\/ld+json\" class=\"yoast-schema-graph\">{\"@context\":\"https:\\\/\\\/schema.org\",\"@graph\":[{\"@type\":\"WebPage\",\"@id\":\"https:\\\/\\\/treees.de\\\/was-ist-der-entourage-effekt\\\/\",\"url\":\"https:\\\/\\\/treees.de\\\/was-ist-der-entourage-effekt\\\/\",\"name\":\"Was ist der Entourage-Effekt?\",\"isPartOf\":{\"@id\":\"https:\\\/\\\/treees.de\\\/#website\"},\"datePublished\":\"2020-07-23T08:29:43+00:00\",\"dateModified\":\"2020-08-11T09:13:26+00:00\",\"description\":\"Was ist der Entourage-Effekt? Wir erkl\u00e4ren es dir! Klicke einfach rein!\",\"breadcrumb\":{\"@id\":\"https:\\\/\\\/treees.de\\\/was-ist-der-entourage-effekt\\\/#breadcrumb\"},\"inLanguage\":\"en-US\",\"potentialAction\":[{\"@type\":\"ReadAction\",\"target\":[\"https:\\\/\\\/treees.de\\\/was-ist-der-entourage-effekt\\\/\"]}]},{\"@type\":\"BreadcrumbList\",\"@id\":\"https:\\\/\\\/treees.de\\\/was-ist-der-entourage-effekt\\\/#breadcrumb\",\"itemListElement\":[{\"@type\":\"ListItem\",\"position\":1,\"name\":\"Startseite\",\"item\":\"https:\\\/\\\/treees.de\\\/en\\\/\"},{\"@type\":\"ListItem\",\"position\":2,\"name\":\"Was ist der Entourage-Effekt\"}]},{\"@type\":\"WebSite\",\"@id\":\"https:\\\/\\\/treees.de\\\/#website\",\"url\":\"https:\\\/\\\/treees.de\\\/\",\"name\":\"treees CBD\",\"description\":\"Das beste CBD auf dem Markt\",\"potentialAction\":[{\"@type\":\"SearchAction\",\"target\":{\"@type\":\"EntryPoint\",\"urlTemplate\":\"https:\\\/\\\/treees.de\\\/?s={search_term_string}\"},\"query-input\":{\"@type\":\"PropertyValueSpecification\",\"valueRequired\":true,\"valueName\":\"search_term_string\"}}],\"inLanguage\":\"en-US\"}]}<\/script>\n<!-- \/ Yoast SEO plugin. -->","yoast_head_json":{"title":"Was ist der Entourage-Effekt?","description":"Was ist der Entourage-Effekt? Wir erkl\u00e4ren es dir! Klicke einfach rein!","robots":{"index":"index","follow":"follow","max-snippet":"max-snippet:-1","max-image-preview":"max-image-preview:large","max-video-preview":"max-video-preview:-1"},"canonical":"https:\/\/treees.de\/en\/was-ist-der-entourage-effekt\/","og_locale":"en_US","og_type":"article","og_title":"Was ist der Entourage-Effekt?","og_description":"Was ist der Entourage-Effekt? Wir erkl\u00e4ren es dir! Klicke einfach rein!","og_url":"https:\/\/treees.de\/was-ist-der-entourage-effekt\/","og_site_name":"treees CBD","article_modified_time":"2020-08-11T09:13:26+00:00","twitter_card":"summary_large_image","twitter_misc":{"Est. reading time":"7 minutes"},"schema":{"@context":"https:\/\/schema.org","@graph":[{"@type":"WebPage","@id":"https:\/\/treees.de\/was-ist-der-entourage-effekt\/","url":"https:\/\/treees.de\/was-ist-der-entourage-effekt\/","name":"Was ist der Entourage-Effekt?","isPartOf":{"@id":"https:\/\/treees.de\/#website"},"datePublished":"2020-07-23T08:29:43+00:00","dateModified":"2020-08-11T09:13:26+00:00","description":"Was ist der Entourage-Effekt? Wir erkl\u00e4ren es dir! Klicke einfach rein!","breadcrumb":{"@id":"https:\/\/treees.de\/was-ist-der-entourage-effekt\/#breadcrumb"},"inLanguage":"en-US","potentialAction":[{"@type":"ReadAction","target":["https:\/\/treees.de\/was-ist-der-entourage-effekt\/"]}]},{"@type":"BreadcrumbList","@id":"https:\/\/treees.de\/was-ist-der-entourage-effekt\/#breadcrumb","itemListElement":[{"@type":"ListItem","position":1,"name":"Startseite","item":"https:\/\/treees.de\/en\/"},{"@type":"ListItem","position":2,"name":"Was ist der Entourage-Effekt"}]},{"@type":"WebSite","@id":"https:\/\/treees.de\/#website","url":"https:\/\/treees.de\/","name":"treees CBD","description":"Das beste CBD auf dem Markt","potentialAction":[{"@type":"SearchAction","target":{"@type":"EntryPoint","urlTemplate":"https:\/\/treees.de\/?s={search_term_string}"},"query-input":{"@type":"PropertyValueSpecification","valueRequired":true,"valueName":"search_term_string"}}],"inLanguage":"en-US"}]}},"_links":{"self":[{"href":"https:\/\/treees.de\/en\/wp-json\/wp\/v2\/pages\/1048","targetHints":{"allow":["GET"]}}],"collection":[{"href":"https:\/\/treees.de\/en\/wp-json\/wp\/v2\/pages"}],"about":[{"href":"https:\/\/treees.de\/en\/wp-json\/wp\/v2\/types\/page"}],"author":[{"embeddable":true,"href":"https:\/\/treees.de\/en\/wp-json\/wp\/v2\/users\/2"}],"replies":[{"embeddable":true,"href":"https:\/\/treees.de\/en\/wp-json\/wp\/v2\/comments?post=1048"}],"version-history":[{"count":0,"href":"https:\/\/treees.de\/en\/wp-json\/wp\/v2\/pages\/1048\/revisions"}],"wp:attachment":[{"href":"https:\/\/treees.de\/en\/wp-json\/wp\/v2\/media?parent=1048"}],"curies":[{"name":"wp","href":"https:\/\/api.w.org\/{rel}","templated":true}]}}